{"id":2,"date":"2025-11-23T15:11:59","date_gmt":"2025-11-23T15:11:59","guid":{"rendered":"https:\/\/jin-music.de\/?page_id=2"},"modified":"2025-11-24T01:44:47","modified_gmt":"2025-11-24T00:44:47","slug":"sample-page","status":"publish","type":"page","link":"https:\/\/jin-music.de\/?page_id=2","title":{"rendered":"Unterricht"},"content":{"rendered":"\t\t<div data-elementor-type=\"wp-page\" data-elementor-id=\"2\" class=\"elementor elementor-2\">\n\t\t\t\t<div class=\"elementor-element elementor-element-70311ef5 e-flex e-con-boxed e-con e-parent\" data-id=\"70311ef5\" data-element_type=\"container\">\n\t\t\t\t\t<div class=\"e-con-inner\">\n\t\t\t\t<div class=\"elementor-element elementor-element-3ca04d30 elementor-widget elementor-widget-text-editor\" data-id=\"3ca04d30\" data-element_type=\"widget\" data-widget_type=\"text-editor.default\">\n\t\t\t\t\t\t\t\t\t<p><\/p>\n<h3>\u00dcberblick<\/h3>\n<p>Ich biete Klavierunterricht, professionellen Gesangsunterricht (Klassik, Pop, Musical, K-Pop) sowie vokalzentriertes Ensemble-Coaching an. Ziel ist es, musikalische F\u00e4higkeiten gezielt zu f\u00f6rdern, Ausdruckskraft zu entwickeln und Freude am Musizieren zu vermitteln. Jede\/r Sch\u00fcler\/in erh\u00e4lt eine individuelle F\u00f6rderung, angepasst an Alter, Niveau und pers\u00f6nliche Ziele.<\/p>\n<h3>Klavierunterricht<\/h3>\n<p>Der Klavierunterricht richtet sich an Anf\u00e4nger\/innen und Fortgeschrittene.<\/p>\n<p>Wir arbeiten gemeinsam an Technik, Rhythmus, Notenlesen und Lieblingsst\u00fccken \u2013 der Unterricht ist flexibel und wird an dein Tempo angepasst. Ziel ist, dass du dich am Instrument wohlf\u00fchlst und Freude am Spielen entwickelst.<\/p>\n<h3>Gesangsunterricht (Klassik, Pop, Musical, K-Pop)<\/h3>\n<p>Der Gesangsunterricht ist professionell ausgerichtet und fokussiert auf gesunde Atemtechnik, K\u00f6rperhaltung, Stimmf\u00fchrung, Klangbalance und musikalischen Ausdruck.<\/p>\n<p>Schwerpunkte:<\/p>\n<ul>\n<li>\n<p>Klassische Gesangstechnik und Liedinterpretation<\/p>\n<\/li>\n<li><p>Klassische- und Opernst\u00fccke, als auch Oratorien<\/p><\/li><li>\n<p>Pop- oder Musical-Songs stilgerecht und ausdrucksstark gestalten<\/p>\n<\/li>\n<li>\n<p>K-Pop-Vocals mit Fokus auf Rhythmus, Artikulation und Stil<\/p>\n<\/li>\n<li>\n<p>Vorbereitung auf Auditions, Wettbewerbe oder Pr\u00fcfungen<\/p>\n<\/li>\n<\/ul>\n<p>Ziel ist, die stimmliche Individualit\u00e4t der Sch\u00fcler\/innen zu f\u00f6rdern und sicheren, ausdrucksstarken Gesang zu entwickeln.<\/p>\n<h3>Vokal-Ensembleunterricht<\/h3>\n<p>Im Ensembleunterricht singen die Sch\u00fcler\/innen gemeinsam, entwickeln Harmonien, Intonation, Ausdruck und musikalisches Zusammenspiel.<\/p>\n<p>Die Stunden sind ideal f\u00fcr alle, die ihre Stimme im Zusammenspiel mit anderen weiterentwickeln und gemeinsam musikalische Ergebnisse erzielen m\u00f6chten.<\/p>\n<h3>Unterrichtsformate<\/h3>\n<ul>\n<li>\n<p dir=\"auto\">Einzelunterricht: 30 \/ 45 &nbsp;Minuten<\/p>\n<\/li>\n<li>\n<p>Vokal-Ensembleunterricht: nach Vereinbarung<\/p>\n<\/li>\n<li>\n<p>Pr\u00e4senz- und Online-Unterricht m\u00f6glich<\/p>\n<\/li>\n<\/ul>\n<h3>Zielgruppe<\/h3>\n<p dir=\"auto\">Kinder, Jugendliche und Erwachsene; Anf\u00e4nger\/innen bis Fortgeschrittene; Hobby-Musiker\/innen oder Pr\u00fcfungsvorbereitung.<\/p>\n<p><\/p>\n<p><\/p>\n<p><\/p>\t\t\t\t\t\t\t\t<\/div>\n\t\t\t\t\t<\/div>\n\t\t\t\t<\/div>\n\t\t\t\t<\/div>\n\t\t","protected":false},"excerpt":{"rendered":"<p>\u00dcberblick Ich biete Klavierunterricht, professionellen Gesangsunterricht (Klassik, Pop, Musical, K-Pop) sowie vokalzentriertes Ensemble-Coaching [&hellip;]<\/p>\n","protected":false},"author":1,"featured_media":0,"parent":0,"menu_order":3,"comment_status":"closed","ping_status":"closed","template":"","meta":{"footnotes":""},"class_list":["post-2","page","type-page","status-publish","hentry"],"_links":{"self":[{"href":"https:\/\/jin-music.de\/index.php?rest_route=\/wp\/v2\/pages\/2","targetHints":{"allow":["GET"]}}],"collection":[{"href":"https:\/\/jin-music.de\/index.php?rest_route=\/wp\/v2\/pages"}],"about":[{"href":"https:\/\/jin-music.de\/index.php?rest_route=\/wp\/v2\/types\/page"}],"author":[{"embeddable":true,"href":"https:\/\/jin-music.de\/index.php?rest_route=\/wp\/v2\/users\/1"}],"replies":[{"embeddable":true,"href":"https:\/\/jin-music.de\/index.php?rest_route=%2Fwp%2Fv2%2Fcomments&post=2"}],"version-history":[{"count":9,"href":"https:\/\/jin-music.de\/index.php?rest_route=\/wp\/v2\/pages\/2\/revisions"}],"predecessor-version":[{"id":233,"href":"https:\/\/jin-music.de\/index.php?rest_route=\/wp\/v2\/pages\/2\/revisions\/233"}],"wp:attachment":[{"href":"https:\/\/jin-music.de\/index.php?rest_route=%2Fwp%2Fv2%2Fmedia&parent=2"}],"curies":[{"name":"wp","href":"https:\/\/api.w.org\/{rel}","templated":true}]}}