{"id":8,"date":"2025-11-23T17:01:35","date_gmt":"2025-11-23T16:01:35","guid":{"rendered":"https:\/\/jin-music.de\/?page_id=8"},"modified":"2025-11-24T01:44:47","modified_gmt":"2025-11-24T00:44:47","slug":"privacy-policy-2","status":"publish","type":"page","link":"https:\/\/jin-music.de\/?page_id=8","title":{"rendered":"Impressum &#038; Datenschutz"},"content":{"rendered":"\t\t<div data-elementor-type=\"wp-page\" data-elementor-id=\"8\" class=\"elementor elementor-8\">\n\t\t\t\t<div class=\"elementor-element elementor-element-7374109c e-flex e-con-boxed e-con e-parent\" data-id=\"7374109c\" data-element_type=\"container\">\n\t\t\t\t\t<div class=\"e-con-inner\">\n\t\t\t\t<div class=\"elementor-element elementor-element-77e0c50a elementor-widget elementor-widget-text-editor\" data-id=\"77e0c50a\" data-element_type=\"widget\" data-widget_type=\"text-editor.default\">\n\t\t\t\t\t\t\t\t\t<p><span style=\"color: #000000;\"><\/span><\/p>\n<h2 class=\"wp-block-heading\"><span style=\"color: #000000;\">Impressum<\/span><\/h2>\n<p><span style=\"color: #000000;\">\n\n<\/span><\/p>\n<p><span style=\"color: #000000;\">Informationspflicht laut \u00a7 5 TMG.<\/span><\/p>\n<p><span style=\"color: #000000;\">\n\n<\/span><\/p>\n<p><span style=\"color: #000000;\">Ji Yeon Jin<\/span><\/p>\n<p><span style=\"color: #000000;\">\n\n<\/span><\/p>\n<p><span style=\"color: #000000;\">Bussardring 14,<\/span><br \/><span style=\"color: #000000;\">85551 Kirchheim bei M\u00fcnchen,<\/span><br \/><span style=\"color: #000000;\">Deutschland<\/span><\/p>\n<p><span style=\"color: #000000;\">\n\n<\/span><\/p>\n<h2 class=\"wp-block-heading\"><span style=\"color: #000000;\">EU-Streitschlichtung<\/span><\/h2>\n<p><span style=\"color: #000000;\">\n\n<\/span><\/p>\n<p><span style=\"color: #000000;\">Gem\u00e4\u00df Verordnung \u00fcber Online-Streitbeilegung in Verbraucherangelegenheiten (ODR-Verordnung) m\u00f6chten wir Sie \u00fcber die Online-Streitbeilegungsplattform (OS-Plattform) informieren.<\/span><br \/><span style=\"color: #000000;\">Verbraucher haben die M\u00f6glichkeit, Beschwerden an die Online Streitbeilegungsplattform der Europ\u00e4ischen Kommission unter\u00a0<a style=\"color: #000000;\" href=\"https:\/\/ec.europa.eu\/consumers\/odr\/main\/index.cfm?event=main.home2.show&amp;lng=DE\" target=\"_blank\" rel=\"noreferrer noopener\">http:\/\/ec.europa.eu\/odr?tid=321156356<\/a>\u00a0zu richten. Die daf\u00fcr notwendigen Kontaktdaten finden Sie oberhalb in unserem Impressum.<\/span><\/p>\n<p><span style=\"color: #000000;\">\n\n<\/span><\/p>\n<p><span style=\"color: #000000;\">Wir m\u00f6chten Sie jedoch darauf hinweisen, dass wir nicht bereit oder verpflichtet sind, an Streitbeilegungsverfahren vor einer Verbraucherschlichtungsstelle teilzunehmen.<\/span><\/p>\n<p><span style=\"color: #000000;\">\n\n<\/span><\/p>\n<h2 class=\"wp-block-heading\"><span style=\"color: #000000;\">Haftung f\u00fcr Inhalte dieser Website<\/span><\/h2>\n<p><span style=\"color: #000000;\">\n\n<\/span><\/p>\n<p><span style=\"color: #000000;\">Wir entwickeln die Inhalte dieser Webseite st\u00e4ndig weiter und bem\u00fchen uns korrekte und aktuelle Informationen bereitzustellen. Laut Telemediengesetz\u00a0<a style=\"color: #000000;\" href=\"https:\/\/www.gesetze-im-internet.de\/tmg\/__7.html?tid=321156356\" target=\"_blank\" rel=\"noreferrer noopener\">(TMG) \u00a77 (1)<\/a>\u00a0sind wir als Diensteanbieter f\u00fcr eigene Informationen, die wir zur Nutzung bereitstellen, nach den allgemeinen Gesetzen verantwortlich. Leider k\u00f6nnen wir keine Haftung f\u00fcr die Korrektheit aller Inhalte auf dieser Webseite \u00fcbernehmen, speziell f\u00fcr jene die seitens Dritter bereitgestellt wurden. Als Diensteanbieter im Sinne der \u00a7\u00a7 8 bis 10 sind wir nicht verpflichtet, die von ihnen \u00fcbermittelten oder gespeicherten Informationen zu \u00fcberwachen oder nach Umst\u00e4nden zu forschen, die auf eine rechtswidrige T\u00e4tigkeit hinweisen.<\/span><\/p>\n<p><span style=\"color: #000000;\">\n\n<\/span><\/p>\n<p><span style=\"color: #000000;\">Unsere Verpflichtungen zur Entfernung von Informationen oder zur Sperrung der Nutzung von Informationen nach den allgemeinen Gesetzen aufgrund von gerichtlichen oder beh\u00f6rdlichen Anordnungen bleiben auch im Falle unserer Nichtverantwortlichkeit nach den \u00a7\u00a7 8 bis 10 unber\u00fchrt.<\/span><\/p>\n<p><span style=\"color: #000000;\">\n\n<\/span><\/p>\n<p><span style=\"color: #000000;\">Sollten Ihnen problematische oder rechtswidrige Inhalte auffallen, bitte wir Sie uns umgehend zu kontaktieren, damit wir die rechtswidrigen Inhalte entfernen k\u00f6nnen. Sie finden die Kontaktdaten im Impressum.<\/span><\/p>\n<p><span style=\"color: #000000;\">\n\n<\/span><\/p>\n<h2 class=\"wp-block-heading\"><span style=\"color: #000000;\">Haftung f\u00fcr Links auf dieser Website<\/span><\/h2>\n<p><span style=\"color: #000000;\">\n\n<\/span><\/p>\n<p><span style=\"color: #000000;\">Unsere Webseite enth\u00e4lt Links zu anderen Webseiten f\u00fcr deren Inhalt wir nicht verantwortlich sind. Haftung f\u00fcr verlinkte Websites besteht f\u00fcr uns nicht, da wir keine Kenntnis rechtswidriger T\u00e4tigkeiten hatten und haben, uns solche Rechtswidrigkeiten auch bisher nicht aufgefallen sind und wir Links sofort entfernen w\u00fcrden, wenn uns Rechtswidrigkeiten bekannt werden.<\/span><\/p>\n<p><span style=\"color: #000000;\">\n\n<\/span><\/p>\n<p><span style=\"color: #000000;\">Wenn Ihnen rechtswidrige Links auf unserer Website auffallen, bitte wir Sie uns zu kontaktieren. Sie finden die Kontaktdaten im Impressum.<\/span><\/p>\n<p><span style=\"color: #000000;\">\n\n<\/span><\/p>\n<h2 class=\"wp-block-heading\"><span style=\"color: #000000;\">Urheber&shy;rechts&shy;hinweis<\/span><\/h2>\n<p><span style=\"color: #000000;\">\n\n<\/span><\/p>\n<p><span style=\"color: #000000;\">Alle Inhalte dieser Webseite (Bilder, Fotos, Texte, Videos) unterliegen dem Urheberrecht der Bundesrepublik Deutschland. Bitte fragen Sie uns bevor Sie die Inhalte dieser Website verbreiten, vervielf\u00e4ltigen oder verwerten wie zum Beispiel auf anderen Websites erneut ver\u00f6ffentlichen. Falls notwendig, werden wir die unerlaubte Nutzung von Teilen der Inhalte unserer Seite rechtlich verfolgen.<\/span><\/p>\n<p><span style=\"color: #000000;\">\n\n<\/span><\/p>\n<p><span style=\"color: #000000;\">Sollten Sie auf dieser Webseite Inhalte finden, die das Urheberrecht verletzen, bitten wir Sie uns zu kontaktieren.<\/span><\/p>\n<p><span style=\"color: #000000;\">\n\n<\/span><\/p>\n<h2 class=\"wp-block-heading\"><span style=\"color: #000000;\">Datenschutz<\/span><\/h2>\n<p><span style=\"color: #000000;\">\n\n<\/span><\/p>\n<p><span style=\"color: #000000;\">Die Nutzung dieser Webseite ist in der Regel ohne Angabe personenbezogener Daten m\u00f6glich. Wenn Sie uns Ihre pers\u00f6nlichen Daten zukommen lassen, (beispielsweise Name, Telefonnummer, Anschrift oder E-Mail-Adresse), erfolgt dies stets auf freiwilliger Basis. Diese Daten werden ohne Ihre ausdr\u00fcckliche Zustimmung nicht an Dritte weitergegeben.<\/span><\/p>\n<p><span style=\"color: #000000;\"><\/span><\/p>\t\t\t\t\t\t\t\t<\/div>\n\t\t\t\t\t<\/div>\n\t\t\t\t<\/div>\n\t\t\t\t<\/div>\n\t\t","protected":false},"excerpt":{"rendered":"<p>Impressum Informationspflicht laut \u00a7 5 TMG. Ji Yeon Jin Bussardring 14,85551 Kirchheim bei [&hellip;]<\/p>\n","protected":false},"author":1,"featured_media":0,"parent":0,"menu_order":6,"comment_status":"closed","ping_status":"closed","template":"","meta":{"footnotes":""},"class_list":["post-8","page","type-page","status-publish","hentry"],"_links":{"self":[{"href":"https:\/\/jin-music.de\/index.php?rest_route=\/wp\/v2\/pages\/8","targetHints":{"allow":["GET"]}}],"collection":[{"href":"https:\/\/jin-music.de\/index.php?rest_route=\/wp\/v2\/pages"}],"about":[{"href":"https:\/\/jin-music.de\/index.php?rest_route=\/wp\/v2\/types\/page"}],"author":[{"embeddable":true,"href":"https:\/\/jin-music.de\/index.php?rest_route=\/wp\/v2\/users\/1"}],"replies":[{"embeddable":true,"href":"https:\/\/jin-music.de\/index.php?rest_route=%2Fwp%2Fv2%2Fcomments&post=8"}],"version-history":[{"count":9,"href":"https:\/\/jin-music.de\/index.php?rest_route=\/wp\/v2\/pages\/8\/revisions"}],"predecessor-version":[{"id":269,"href":"https:\/\/jin-music.de\/index.php?rest_route=\/wp\/v2\/pages\/8\/revisions\/269"}],"wp:attachment":[{"href":"https:\/\/jin-music.de\/index.php?rest_route=%2Fwp%2Fv2%2Fmedia&parent=8"}],"curies":[{"name":"wp","href":"https:\/\/api.w.org\/{rel}","templated":true}]}}